{"id":515,"date":"2020-04-24T18:37:30","date_gmt":"2020-04-24T16:37:30","guid":{"rendered":"https:\/\/splash360.fr\/?page_id=515"},"modified":"2023-03-12T15:36:32","modified_gmt":"2023-03-12T14:36:32","slug":"mentions-legales","status":"publish","type":"page","link":"https:\/\/splash360.fr\/en\/mentions-legales\/","title":{"rendered":"Legal Notice"},"content":{"rendered":"<h2>Legal Notice<\/h2>\n<p>Your legal notices:<\/p>\n<h2>legal information<\/h2>\n<h3>1. Presentation of the site.<\/h3>\n<p>En vertu de l&rsquo;article 6 de la loi n\u00b0 2004-575 du 21 juin 2004 pour la confiance dans l&rsquo;\u00e9conomie num\u00e9rique, il est pr\u00e9cis\u00e9 aux utilisateurs du site <a href=\"https:\/\/splash360.fr\/en\/\">splash360.fr<\/a> l&rsquo;identit\u00e9 des diff\u00e9rents intervenants dans le cadre de sa r\u00e9alisation et de son suivi :<\/p>\n<p><strong>Owner<\/strong> : Splash - SAS<br \/>\n<strong>Creator<\/strong> : <a href=\"https:\/\/splash360.fr\/en\/\">Splash360<\/a><br \/>\n<strong>Publication manager<\/strong> : Lakhdar Betta - contact@splash360.fr<br \/>\nThe publication manager is a natural person or a legal person.<br \/>\n<strong>Webmaster<\/strong> : Lakhdar Betta - contact@splash360.fr<br \/>\n<strong>Host<\/strong> : OVH - 2 Rue Kellerman 59100 Roubaix<\/p>\n<h3>2. General conditions of use of the site and the services offered.<\/h3>\n<p>Use of the site <a href=\"https:\/\/splash360.fr\/en\/\">splash360.fr<\/a> implies full acceptance of the general conditions of use described below. These conditions of use are likely to be modified or supplemented at any time, users of the site <a href=\"https:\/\/splash360.fr\/en\/\">splash360.fr<\/a> are therefore invited to consult them on a regular basis.<\/p>\n<p>This site is normally accessible to users at all times. However, an interruption due to technical maintenance may be decided by SPLASH, which will then endeavor to communicate to users beforehand the dates and times of the intervention.<\/p>\n<p>The site <a href=\"https:\/\/splash360.fr\/en\/\">splash360.fr<\/a> is updated regularly by Lakhdar Betta. Likewise, the legal notices can be modified at any time: they are nevertheless binding on the user who is invited to refer to them as often as possible in order to become acquainted with them.<\/p>\n<h3>3. Description of the services provided.<\/h3>\n<p>The site <a href=\"https:\/\/splash360.fr\/en\/\">splash360.fr<\/a> aims to provide information on all of the company&#039;s activities.<\/p>\n<p>SPLASH strives to provide on the site <a href=\"https:\/\/splash360.fr\/en\/\">splash360.fr<\/a> information as precise as possible. However, it cannot be held responsible for omissions, inaccuracies and deficiencies in the update, whether due to it or to third party partners who provide it with this information.<\/p>\n<p>All the information indicated on the site <a href=\"https:\/\/splash360.fr\/en\/\">splash360.fr<\/a> are given for information only, and are subject to change. In addition, the information on the site <a href=\"https:\/\/splash360.fr\/en\/\">splash360.fr<\/a> are not exhaustive. They are given subject to modifications having been made since they were put online.<\/p>\n<h3>4. Contractual limitations on technical data.<\/h3>\n<p>The site uses JavaScript technology.<\/p>\n<p>The website cannot be held responsible for material damage related to the use of the site. In addition, the user of the site undertakes to access the site using recent equipment, which does not contain viruses and with an up-to-date latest generation browser.<\/p>\n<h3>5. Intellectual property and counterfeits.<\/h3>\n<p>SPLASH is the owner of the intellectual property rights or holds the rights of use on all the elements accessible on the site, in particular the texts, images, graphics, logo, icons, sounds, software.<\/p>\n<p>Any reproduction, representation, modification, publication, adaptation of all or part of the elements of the site, whatever the means or process used, is prohibited without the prior written authorization of: SPLASH.<\/p>\n<p>Any unauthorized use of the site or any of the elements it contains will be considered as constituting an infringement and prosecuted in accordance with the provisions of articles L.335-2 and following of the Intellectual Property Code.<\/p>\n<h3>6. Limitations of Liability.<\/h3>\n<p>SPLASH cannot be held responsible for direct or indirect damage caused to the user&#039;s equipment when accessing the splash360.fr site, and resulting either from the use of equipment that does not meet the specifications indicated in point 4. , or the appearance of a bug or an incompatibility.<\/p>\n<p>SPLASH cannot also be held responsible for indirect damages (such as for example a loss of market or loss of a chance) resulting from the use of the site. <a href=\"https:\/\/splash360.fr\/en\/\">splash360.fr<\/a>.<\/p>\n<p>Interactive spaces (possibility to ask questions in the contact space) are available to users. SPLASH reserves the right to remove, without prior notice, any content posted in this space that would violate the law applicable in France, in particular the provisions relating to data protection. Where applicable, SPLASH also reserves the right to question the civil and \/ or criminal liability of the user, in particular in the event of a racist, abusive, defamatory or pornographic message, whatever the medium used (text , photography\u2026).<\/p>\n<h3>7. Management of personal data.<\/h3>\n<p>En France, les donn\u00e9es personnelles sont notamment prot\u00e9g\u00e9es par la loi n\u00b0 78-87 du 6 janvier 1978, la loi n\u00b0 2004-801 du 6 ao\u00fbt 2004, l&rsquo;article L. 226-13 du Code p\u00e9nal et la Directive Europ\u00e9enne du 24 octobre 1995.<\/p>\n<p>A l&rsquo;occasion de l&rsquo;utilisation du site <a href=\"https:\/\/splash360.fr\/en\/\">splash360.fr<\/a>, peuvent \u00eatres recueillies : l&rsquo;URL des liens par l&rsquo;interm\u00e9diaire desquels l&rsquo;utilisateur a acc\u00e9d\u00e9 au site <a href=\"https:\/\/splash360.fr\/en\/\">splash360.fr<\/a>, le fournisseur d&rsquo;acc\u00e8s de l&rsquo;utilisateur, l&rsquo;adresse de protocole Internet (IP) de l&rsquo;utilisateur.<\/p>\n<p>En tout \u00e9tat de cause SPLASH ne collecte des informations personnelles relatives \u00e0 l&rsquo;utilisateur que pour le besoin de certains services propos\u00e9s par le site <a href=\"https:\/\/splash360.fr\/en\/\">splash360.fr<\/a>. L&rsquo;utilisateur fournit ces informations en toute connaissance de cause, notamment lorsqu&rsquo;il proc\u00e8de par lui-m\u00eame \u00e0 leur saisie. Il est alors pr\u00e9cis\u00e9 \u00e0 l&rsquo;utilisateur du site <a href=\"https:\/\/splash360.fr\/en\/\">splash360.fr<\/a> the obligation or not to provide this information.<\/p>\n<p>In accordance with the provisions of articles 38 and following of the law 78-17 of January 6, 1978 relating to data processing, files and freedoms, any user has a right of access, rectification and opposition to personal data. concerning him, by making his written and signed request, accompanied by a copy of the identity document with signature of the holder of the document, specifying the address to which the reply must be sent.<\/p>\n<p>Aucune information personnelle de l&rsquo;utilisateur du site <a href=\"https:\/\/splash360.fr\/en\/\">splash360.fr<\/a> n&rsquo;est publi\u00e9e \u00e0 l&rsquo;insu de l&rsquo;utilisateur, \u00e9chang\u00e9e, transf\u00e9r\u00e9e, c\u00e9d\u00e9e ou vendue sur un support quelconque \u00e0 des tiers. Seule l&rsquo;hypoth\u00e8se du rachat de SPLASH et de ses droits permettrait la transmission des dites informations \u00e0 l&rsquo;\u00e9ventuel acqu\u00e9reur qui serait \u00e0 son tour tenu de la m\u00eame obligation de conservation et de modification des donn\u00e9es vis \u00e0 vis de l&rsquo;utilisateur du site <a href=\"https:\/\/splash360.fr\/en\/\">splash360.fr<\/a>.<\/p>\n<p>Le site n&rsquo;est pas d\u00e9clar\u00e9 \u00e0 la CNIL car il ne recueille pas d&rsquo;informations personnelles. .<\/p>\n<p>The databases are protected by the provisions of the law of July 1, 1998 transposing Directive 96\/9 of March 11, 1996 on the legal protection of databases.<\/p>\n<h3>8. Hypertext links and cookies.<\/h3>\n<p>The site <a href=\"https:\/\/splash360.fr\/en\/\">splash360.fr<\/a> contains a number of hypertext links to other sites, set up with the permission of SPLASH. However, SPLASH does not have the possibility to check the content of the sites thus visited, and will therefore not assume any responsibility for this fact.<\/p>\n<p>Site navigation <a href=\"https:\/\/splash360.fr\/en\/\">splash360.fr<\/a> may cause the installation of cookie (s) on the user&#039;s computer. A cookie is a small file, which does not allow the identification of the user, but which records information relating to the navigation of a computer on a site. The data thus obtained are intended to facilitate subsequent navigation on the site, and are also intended to allow various measures of attendance.<\/p>\n<p>Refusing to install a cookie may make it impossible to access certain services. The user can however configure his computer as follows, to refuse the installation of cookies:<\/p>\n<p>In Internet Explorer: tool tab (pictogram in the shape of a cog at the top right) \/ internet options. Click on Privacy and choose Block all cookies. Validate on Ok.<\/p>\n<p>Sous Firefox : en haut de la fen\u00eatre du navigateur, cliquez sur le bouton Firefox, puis aller dans l&rsquo;onglet Options. Cliquer sur l&rsquo;onglet Vie priv\u00e9e.<br \/>\nParam\u00e9trez les R\u00e8gles de conservation sur : utiliser les param\u00e8tres personnalis\u00e9s pour l&rsquo;historique. Enfin d\u00e9cochez-la pour d\u00e9sactiver les cookies.<\/p>\n<p>Sous Safari : Cliquez en haut \u00e0 droite du navigateur sur le pictogramme de menu (symbolis\u00e9 par un rouage). S\u00e9lectionnez Param\u00e8tres. Cliquez sur Afficher les param\u00e8tres avanc\u00e9s. Dans la section \u00ab\u00a0Confidentialit\u00e9\u00a0\u00bb, cliquez sur Param\u00e8tres de contenu. Dans la section \u00ab\u00a0Cookies\u00a0\u00bb, vous pouvez bloquer les cookies.<\/p>\n<p>Sous Chrome : Cliquez en haut \u00e0 droite du navigateur sur le pictogramme de menu (symbolis\u00e9 par trois lignes horizontales). S\u00e9lectionnez Param\u00e8tres. Cliquez sur Afficher les param\u00e8tres avanc\u00e9s. Dans la section \u00ab\u00a0Confidentialit\u00e9\u00a0\u00bb, cliquez sur pr\u00e9f\u00e9rences. Dans l&rsquo;onglet \u00ab\u00a0Confidentialit\u00e9\u00a0\u00bb, vous pouvez bloquer les cookies.<\/p>\n<h3>9. Applicable law and attribution of jurisdiction.<\/h3>\n<p>Any dispute in connection with the use of the site <a href=\"https:\/\/splash360.fr\/en\/\">splash360.fr<\/a> is subject to French law. Exclusive jurisdiction is attributed to the competent courts of Paris.<\/p>\n<h3>10. The main laws concerned.<\/h3>\n<p>Loi n\u00b0 78-17 du 6 janvier 1978, notamment modifi\u00e9e par la loi n\u00b0 2004-801 du 6 ao\u00fbt 2004 relative \u00e0 l&rsquo;informatique, aux fichiers et aux libert\u00e9s.<\/p>\n<p>Loi n\u00b0 2004-575 du 21 juin 2004 pour la confiance dans l&rsquo;\u00e9conomie num\u00e9rique.<\/p>\n<h3>11. Lexicon.<\/h3>\n<p>User: Internet user connecting, using the aforementioned site.<\/p>\n<p>Informations personnelles : \u00ab les informations qui permettent, sous quelque forme que ce soit, directement ou non, l&rsquo;identification des personnes physiques auxquelles elles s&rsquo;appliquent \u00bb (article 4 de la loi n\u00b0 78-17 du 6 janvier 1978).<\/p>","protected":false},"excerpt":{"rendered":"<p>Mentions L\u00e9gales Vos mentions l\u00e9gales : Informations l\u00e9gales 1. Pr\u00e9sentation du site. En vertu de l&rsquo;article 6 de la loi [&hellip;]<\/p>","protected":false},"author":1,"featured_media":0,"parent":0,"menu_order":0,"comment_status":"closed","ping_status":"closed","template":"","meta":[],"acf":[],"yoast_head":"<!-- This site is optimized with the Yoast SEO plugin v21.1 - https:\/\/yoast.com\/wordpress\/plugins\/seo\/ -->\n<title>Mentions L\u00e9gales - Splash360<\/title>\n<meta name=\"description\" content=\"D\u00e9couvrez les mentions l\u00e9gales de notre site internet Splash360.fr\" \/>\n<meta name=\"robots\" content=\"index, follow, max-snippet:-1, max-image-preview:large, max-video-preview:-1\" \/>\n<link rel=\"canonical\" href=\"https:\/\/splash360.fr\/en\/mentions-legales\/\" \/>\n<meta property=\"og:locale\" content=\"en_GB\" \/>\n<meta property=\"og:type\" content=\"article\" \/>\n<meta property=\"og:title\" content=\"Mentions L\u00e9gales - Splash360\" \/>\n<meta property=\"og:description\" content=\"D\u00e9couvrez les mentions l\u00e9gales de notre site internet Splash360.fr\" \/>\n<meta property=\"og:url\" content=\"https:\/\/splash360.fr\/en\/mentions-legales\/\" \/>\n<meta property=\"og:site_name\" content=\"Splash360\" \/>\n<meta property=\"article:publisher\" content=\"https:\/\/www.facebook.com\/pages\/category\/Business-Service\/Splash-360-125985945910012\/\" \/>\n<meta property=\"article:modified_time\" content=\"2023-03-12T14:36:32+00:00\" \/>\n<meta name=\"twitter:card\" content=\"summary_large_image\" \/>\n<meta name=\"twitter:label1\" content=\"Estimated reading time\" \/>\n\t<meta name=\"twitter:data1\" content=\"8 minutes\" \/>\n<script type=\"application\/ld+json\" class=\"yoast-schema-graph\">{\"@context\":\"https:\/\/schema.org\",\"@graph\":[{\"@type\":\"WebPage\",\"@id\":\"https:\/\/splash360.fr\/mentions-legales\/\",\"url\":\"https:\/\/splash360.fr\/mentions-legales\/\",\"name\":\"Mentions L\u00e9gales - Splash360\",\"isPartOf\":{\"@id\":\"https:\/\/splash360.fr\/#website\"},\"datePublished\":\"2020-04-24T16:37:30+00:00\",\"dateModified\":\"2023-03-12T14:36:32+00:00\",\"description\":\"D\u00e9couvrez les mentions l\u00e9gales de notre site internet Splash360.fr\",\"breadcrumb\":{\"@id\":\"https:\/\/splash360.fr\/mentions-legales\/#breadcrumb\"},\"inLanguage\":\"en-GB\",\"potentialAction\":[{\"@type\":\"ReadAction\",\"target\":[\"https:\/\/splash360.fr\/mentions-legales\/\"]}]},{\"@type\":\"BreadcrumbList\",\"@id\":\"https:\/\/splash360.fr\/mentions-legales\/#breadcrumb\",\"itemListElement\":[{\"@type\":\"ListItem\",\"position\":1,\"name\":\"Home\",\"item\":\"https:\/\/splash360.fr\/\"},{\"@type\":\"ListItem\",\"position\":2,\"name\":\"Mentions L\u00e9gales\"}]},{\"@type\":\"WebSite\",\"@id\":\"https:\/\/splash360.fr\/#website\",\"url\":\"https:\/\/splash360.fr\/\",\"name\":\"Splash360\",\"description\":\"Une suite logicielle 360\",\"potentialAction\":[{\"@type\":\"SearchAction\",\"target\":{\"@type\":\"EntryPoint\",\"urlTemplate\":\"https:\/\/splash360.fr\/?s={search_term_string}\"},\"query-input\":\"required name=search_term_string\"}],\"inLanguage\":\"en-GB\"}]}<\/script>\n<!-- \/ Yoast SEO plugin. -->","yoast_head_json":{"title":"Mentions L\u00e9gales - Splash360","description":"D\u00e9couvrez les mentions l\u00e9gales de notre site internet Splash360.fr","robots":{"index":"index","follow":"follow","max-snippet":"max-snippet:-1","max-image-preview":"max-image-preview:large","max-video-preview":"max-video-preview:-1"},"canonical":"https:\/\/splash360.fr\/en\/mentions-legales\/","og_locale":"en_GB","og_type":"article","og_title":"Mentions L\u00e9gales - Splash360","og_description":"D\u00e9couvrez les mentions l\u00e9gales de notre site internet Splash360.fr","og_url":"https:\/\/splash360.fr\/en\/mentions-legales\/","og_site_name":"Splash360","article_publisher":"https:\/\/www.facebook.com\/pages\/category\/Business-Service\/Splash-360-125985945910012\/","article_modified_time":"2023-03-12T14:36:32+00:00","twitter_card":"summary_large_image","twitter_misc":{"Estimated reading time":"8 minutes"},"schema":{"@context":"https:\/\/schema.org","@graph":[{"@type":"WebPage","@id":"https:\/\/splash360.fr\/mentions-legales\/","url":"https:\/\/splash360.fr\/mentions-legales\/","name":"Mentions L\u00e9gales - Splash360","isPartOf":{"@id":"https:\/\/splash360.fr\/#website"},"datePublished":"2020-04-24T16:37:30+00:00","dateModified":"2023-03-12T14:36:32+00:00","description":"D\u00e9couvrez les mentions l\u00e9gales de notre site internet Splash360.fr","breadcrumb":{"@id":"https:\/\/splash360.fr\/mentions-legales\/#breadcrumb"},"inLanguage":"en-GB","potentialAction":[{"@type":"ReadAction","target":["https:\/\/splash360.fr\/mentions-legales\/"]}]},{"@type":"BreadcrumbList","@id":"https:\/\/splash360.fr\/mentions-legales\/#breadcrumb","itemListElement":[{"@type":"ListItem","position":1,"name":"Home","item":"https:\/\/splash360.fr\/"},{"@type":"ListItem","position":2,"name":"Mentions L\u00e9gales"}]},{"@type":"WebSite","@id":"https:\/\/splash360.fr\/#website","url":"https:\/\/splash360.fr\/","name":"Splash360","description":"Une suite logicielle 360","potentialAction":[{"@type":"SearchAction","target":{"@type":"EntryPoint","urlTemplate":"https:\/\/splash360.fr\/?s={search_term_string}"},"query-input":"required name=search_term_string"}],"inLanguage":"en-GB"}]}},"_links":{"self":[{"href":"https:\/\/splash360.fr\/en\/wp-json\/wp\/v2\/pages\/515"}],"collection":[{"href":"https:\/\/splash360.fr\/en\/wp-json\/wp\/v2\/pages"}],"about":[{"href":"https:\/\/splash360.fr\/en\/wp-json\/wp\/v2\/types\/page"}],"author":[{"embeddable":true,"href":"https:\/\/splash360.fr\/en\/wp-json\/wp\/v2\/users\/1"}],"replies":[{"embeddable":true,"href":"https:\/\/splash360.fr\/en\/wp-json\/wp\/v2\/comments?post=515"}],"version-history":[{"count":13,"href":"https:\/\/splash360.fr\/en\/wp-json\/wp\/v2\/pages\/515\/revisions"}],"predecessor-version":[{"id":1456,"href":"https:\/\/splash360.fr\/en\/wp-json\/wp\/v2\/pages\/515\/revisions\/1456"}],"wp:attachment":[{"href":"https:\/\/splash360.fr\/en\/wp-json\/wp\/v2\/media?parent=515"}],"curies":[{"name":"wp","href":"https:\/\/api.w.org\/{rel}","templated":true}]}}