{"id":415,"date":"2020-04-24T10:16:17","date_gmt":"2020-04-24T08:16:17","guid":{"rendered":"https:\/\/splash360.fr\/?page_id=415"},"modified":"2025-06-11T15:48:29","modified_gmt":"2025-06-11T13:48:29","slug":"contactez-nous","status":"publish","type":"page","link":"https:\/\/splash360.fr\/en\/contactez-nous\/","title":{"rendered":"Contact us"},"content":{"rendered":"<div data-parent=\"true\" class=\"vc_row inverted-device-order style-back_color-210817-bg row-container\" id=\"row-unique-0\"><div class=\"row-background background-element\">\n\t\t\t\t\t\t\t\t\t\t\t<div class=\"background-wrapper\">\n\t\t\t\t\t\t\t\t\t\t\t\t<div class=\"background-inner\" style=\"background-image: url(https:\/\/splash360.fr\/wp-content\/uploads\/pexels-canva-studio-3194521.jpg);background-repeat: no-repeat;background-position: center center;background-attachment: scroll;background-size: cover;\"><\/div>\n\t\t\t\t\t\t\t\t\t\t\t\t<div class=\"block-bg-overlay style-color-jevc-bg\" style=\"opacity: 0.5;\"><\/div>\n\t\t\t\t\t\t\t\t\t\t\t<\/div>\n\t\t\t\t\t\t\t\t\t\t<\/div><div class=\"row col-half-gutter triple-top-padding triple-bottom-padding single-h-padding limit-width row-parent\" data-height-ratio=\"60\"><div class=\"wpb_row row-inner\"><div class=\"wpb_column pos-middle pos-left align_left align_center_mobile column_parent col-lg-12 col-md-50 single-internal-gutter\"><div class=\"uncol style-dark font-136269\"  ><div class=\"uncoltable\"><div class=\"uncell no-block-padding\" ><div class=\"uncont\"><div class=\"vc_custom_heading_wrap\"><div class=\"heading-text el-text\" ><h1 class=\"font-136269 fontsize-155944 fontspace-111509 font-weight-800\" ><span>Splash vous accompagne pour booster le chiffre d\u2019affaire de votre restaurant<\/span><\/h1><\/div><div class=\"clear\"><\/div><\/div><\/div><\/div><\/div><\/div><\/div><script id=\"script-row-unique-0\" data-row=\"script-row-unique-0\" type=\"text\/javascript\" class=\"vc_controls\">UNCODE.initRow(document.getElementById(\"row-unique-0\"));<\/script><\/div><\/div><\/div><div data-parent=\"true\" class=\"vc_row row-container\" id=\"row-unique-1\"><div class=\"row quad-top-padding quad-bottom-padding single-h-padding limit-width row-parent\"><div class=\"wpb_row row-inner\"><div class=\"wpb_column pos-middle pos-center align_left column_parent col-lg-12 single-internal-gutter\"><div class=\"uncol style-light\"  ><div class=\"uncoltable\"><div class=\"uncell\" ><div class=\"uncont no-block-padding col-custom-width\" style=\"max-width:900px;\"><div class=\"vc_custom_heading_wrap\"><div class=\"heading-text el-text\" ><h3 class=\"font-136269 h1 fontspace-111509 font-weight-800 text-color-204606-color\" ><span>Request a demo<\/span><\/h3><\/div><div class=\"clear\"><\/div><\/div>\n\t<div class=\"wpb_raw_code wpb_content_element wpb_raw_html\" >\n\t\t<div class=\"wpb_wrapper\">\n\t\t\t<script>\nttq.identify({\n\t\"email\": \"<hashed_email_address>\", \/\/ string. The email of the customer if available. It must be hashed with SHA-256 on the client side.\n\t\"phone_number\": \"<hashed_phone_number>\", \/\/ string. The phone number of the customer if available. It must be hashed with SHA-256 on the client side.\n\t\"external_id\": \"<hashed_extenal_id>\" \/\/ string. Any unique identifier, such as loyalty membership IDs, user IDs, and external cookie IDs.It must be hashed with SHA-256 on the client side.\n});\n\nttq.track('ViewContent', {\n\t\"contents\": [\n\t\t{\n\t\t\t\"content_id\": \"<content_identifier>\", \/\/ string. ID of the product. Example: \"1077218\".\n\t\t\t\"content_type\": \"<content_type>\", \/\/ string. Either product or product_group.\n\t\t\t\"content_name\": \"<content_name>\" \/\/ string. The name of the page or product. Example: \"shirt\".\n\t\t}\n\t],\n\t\"value\": \"<content_value>\", \/\/ number. Value of the order or items sold. Example: 100.\n\t\"currency\": \"<content_currency>\" \/\/ string. The 4217 currency code. Example: \"USD\".\n});\n\nttq.track('SubmitForm', {\n\t\"contents\": [\n\t\t{\n\t\t\t\"content_id\": \"<content_identifier>\", \/\/ string. ID of the product. Example: \"1077218\".\n\t\t\t\"content_type\": \"<content_type>\", \/\/ string. Either product or product_group.\n\t\t\t\"content_name\": \"<content_name>\" \/\/ string. The name of the page or product. Example: \"shirt\".\n\t\t}\n\t],\n\t\"value\": \"<content_value>\", \/\/ number. Value of the order or items sold. Example: 100.\n\t\"currency\": \"<content_currency>\" \/\/ string. The 4217 currency code. Example:\u00a0\"USD\".\n});\n\n<\/script>\n\t\t<\/div>\n\t<\/div>\n\n<div class=\"wpcf7 no-js\" id=\"wpcf7-f2589-o1\" lang=\"fr-FR\" dir=\"ltr\">\n<div class=\"screen-reader-response\"><p role=\"status\" aria-live=\"polite\" aria-atomic=\"true\"><\/p> <ul><\/ul><\/div>\n<form action=\"\/en\/wp-json\/wp\/v2\/pages\/415#wpcf7-f2589-o1\" method=\"post\" class=\"wpcf7-form init input-background\" aria-label=\"Formulaire de contact\" novalidate=\"novalidate\" data-status=\"init\" data-trp-original-action=\"\/en\/wp-json\/wp\/v2\/pages\/415#wpcf7-f2589-o1\">\n<div style=\"display: none;\">\n<input type=\"hidden\" name=\"_wpcf7\" value=\"2589\" \/>\n<input type=\"hidden\" name=\"_wpcf7_version\" value=\"5.7.7\" \/>\n<input type=\"hidden\" name=\"_wpcf7_locale\" value=\"fr_FR\" \/>\n<input type=\"hidden\" name=\"_wpcf7_unit_tag\" value=\"wpcf7-f2589-o1\" \/>\n<input type=\"hidden\" name=\"_wpcf7_container_post\" value=\"0\" \/>\n<input type=\"hidden\" name=\"_wpcf7_posted_data_hash\" value=\"\" \/>\n<input type=\"hidden\" name=\"_wpcf7_recaptcha_response\" value=\"\" \/>\n<\/div>\n<div class=\"wpcf7-inline-wrapper\">\n\t<p class=\"wpcf7-inline-field\"><span class=\"wpcf7-form-control-wrap\" data-name=\"prenom\"><input size=\"40\" class=\"wpcf7-form-control wpcf7-text wpcf7-validates-as-required form-fluid\" aria-required=\"true\" aria-invalid=\"false\" placeholder=\"Your first name\" value=\"\" type=\"text\" name=\"prenom\" \/><\/span>\n\t<\/p>\n<\/div>\n<div class=\"wpcf7-inline-wrapper\">\n\t<p class=\"wpcf7-inline-field\"><span class=\"wpcf7-form-control-wrap\" data-name=\"your-email\"><input size=\"40\" class=\"wpcf7-form-control wpcf7-text wpcf7-email wpcf7-validates-as-required wpcf7-validates-as-email\" aria-required=\"true\" aria-invalid=\"false\" placeholder=\"Your email\" value=\"\" type=\"email\" name=\"your-email\" \/><\/span>\n\t<\/p>\n\t<p class=\"wpcf7-inline-field\"><span class=\"wpcf7-form-control-wrap\" data-name=\"tel\"><input size=\"40\" class=\"wpcf7-form-control wpcf7-text wpcf7-tel wpcf7-validates-as-required wpcf7-validates-as-tel form-fluid\" aria-required=\"true\" aria-invalid=\"false\" placeholder=\"Your phone\" value=\"\" type=\"tel\" name=\"tel\" \/><\/span>\n\t<\/p>\n<\/div>\n<div class=\"wpcf7-inline-wrapper\">\n\t<p class=\"wpcf7-inline-field\"><span class=\"wpcf7-form-control-wrap\" data-name=\"enseigne\"><input size=\"40\" class=\"wpcf7-form-control wpcf7-text wpcf7-validates-as-required form-fluid\" aria-required=\"true\" aria-invalid=\"false\" placeholder=\"Company\" value=\"\" type=\"text\" name=\"enseigne\" \/><\/span>\n\t<\/p>\n<\/div>\n<p><label> Kind of trade<br \/>\n<span class=\"wpcf7-form-control-wrap\" data-name=\"type-commerce\"><select class=\"wpcf7-form-control wpcf7-select wpcf7-validates-as-required\" aria-required=\"true\" aria-invalid=\"false\" name=\"type-commerce\"><option value=\"Bar-restaurant\">Bar Restaurant<\/option><option value=\"Fast-food\">Fast food<\/option><option value=\"Tabac-presse\">Tobacco-press<\/option><option value=\"Epicerie, supermarch\u00e9\">Grocery, supermarket<\/option><option value=\"Boulangerie\">Bakery<\/option><option value=\"Boucherie, poissonerie\">Butcher, fishmonger<\/option><option value=\"Coiffeur, esth\u00e9ticien\">Hairdresser, beautician<\/option><option value=\"Pr\u00eat-\u00e0-porter\">Ready to wear<\/option><option value=\"Cosm\u00e9tique, parfumerie\">Cosmetics, perfumery<\/option><option value=\"Parapharmacie\">Parapharmacy<\/option><option value=\"Bazar, destockage\">Bazaar, destocking<\/option><option value=\"Meubles et d\u00e9coration\">Furniture and decoration<\/option><option value=\"Autre\">Other<\/option><\/select><\/span><\/label>\n<\/p>\n<p><label class=\"accent-color\">Solutions envisag\u00e9es<\/label><br \/>\n<span class=\"wpcf7-form-control-wrap\" data-name=\"solution\"><span class=\"wpcf7-form-control wpcf7-checkbox wpcf7-validates-as-required\"><span class=\"wpcf7-list-item first\"><label><input type=\"checkbox\" name=\"solution[]\" value=\"Caisse\" \/><span class=\"wpcf7-list-item-label\">Cash register<\/span><\/label><\/span><span class=\"wpcf7-list-item\"><label><input type=\"checkbox\" name=\"solution[]\" value=\"Borne de commande\" \/><span class=\"wpcf7-list-item-label\">Control terminal<\/span><\/label><\/span><span class=\"wpcf7-list-item\"><label><input type=\"checkbox\" name=\"solution[]\" value=\"Fid\u00e9lit\u00e9 by YouFID\" \/><span class=\"wpcf7-list-item-label\">Loyalty by YouFID<\/span><\/label><\/span><span class=\"wpcf7-list-item last\"><label><input type=\"checkbox\" name=\"solution[]\" value=\"Kitchen Display\" \/><span class=\"wpcf7-list-item-label\">Kitchen Display<\/span><\/label><\/span><\/span><\/span>\n<\/p>\n<p><label> Your message<br \/>\n<span class=\"wpcf7-form-control-wrap\" data-name=\"your-message\"><textarea cols=\"40\" rows=\"10\" class=\"wpcf7-form-control wpcf7-textarea wpcf7-validates-as-required\" aria-required=\"true\" aria-invalid=\"false\" name=\"your-message\"><\/textarea><\/span> <\/label>\n<\/p>\n<p><input class=\"wpcf7-form-control has-spinner wpcf7-submit\" type=\"submit\" value=\"To send\" \/>\n<\/p><p style=\"display: none !important;\" class=\"akismet-fields-container\" data-prefix=\"_wpcf7_ak_\"><label>&#916;<textarea name=\"_wpcf7_ak_hp_textarea\" cols=\"45\" rows=\"8\" maxlength=\"100\"><\/textarea><\/label><input type=\"hidden\" id=\"ak_js_1\" name=\"_wpcf7_ak_js\" value=\"56\"\/><script>document.getElementById( \"ak_js_1\" ).setAttribute( \"value\", ( new Date() ).getTime() );<\/script><\/p><div class=\"wpcf7-response-output\" aria-hidden=\"true\"><\/div>\n<input type=\"hidden\" name=\"trp-form-language\" value=\"en\"\/><\/form>\n<\/div>\n<\/div><\/div><\/div><\/div><\/div><script id=\"script-row-unique-1\" data-row=\"script-row-unique-1\" type=\"text\/javascript\" class=\"vc_controls\">UNCODE.initRow(document.getElementById(\"row-unique-1\"));<\/script><\/div><\/div><\/div>","protected":false},"excerpt":{"rendered":"Splash vous accompagne pour booster le chiffre d\u2019affaire de votre restaurantDemander une d\u00e9mo Type de commerce Bar-restaurantFast-foodTabac-presseEpicerie, supermarch\u00e9BoulangerieBoucherie, poissonerieCoiffeur, esth\u00e9ticienPr\u00eat-\u00e0-porterCosm\u00e9tique, [...]","protected":false},"author":1,"featured_media":303,"parent":0,"menu_order":0,"comment_status":"closed","ping_status":"closed","template":"","meta":[],"acf":[],"yoast_head":"<!-- This site is optimized with the Yoast SEO plugin v21.1 - https:\/\/yoast.com\/wordpress\/plugins\/seo\/ -->\n<title>Contactez-nous - Splash360<\/title>\n<meta name=\"description\" content=\"Splash vous accompagne. Optimisons ensemble votre restaurant. Demandez une d\u00e9mo pour une gestion compl\u00e8te de votre enseigne.\" \/>\n<meta name=\"robots\" content=\"index, follow, max-snippet:-1, max-image-preview:large, max-video-preview:-1\" \/>\n<link rel=\"canonical\" href=\"https:\/\/splash360.fr\/en\/contactez-nous\/\" \/>\n<meta property=\"og:locale\" content=\"en_GB\" \/>\n<meta property=\"og:type\" content=\"article\" \/>\n<meta property=\"og:title\" content=\"Contactez-nous - Splash360\" \/>\n<meta property=\"og:description\" content=\"Splash vous accompagne. Optimisons ensemble votre restaurant. Demandez une d\u00e9mo pour une gestion compl\u00e8te de votre enseigne.\" \/>\n<meta property=\"og:url\" content=\"https:\/\/splash360.fr\/en\/contactez-nous\/\" \/>\n<meta property=\"og:site_name\" content=\"Splash360\" \/>\n<meta property=\"article:publisher\" content=\"https:\/\/www.facebook.com\/pages\/category\/Business-Service\/Splash-360-125985945910012\/\" \/>\n<meta property=\"article:modified_time\" content=\"2025-06-11T13:48:29+00:00\" \/>\n<meta property=\"og:image\" content=\"https:\/\/splash360.fr\/wp-content\/uploads\/2020\/04\/promesse.png\" \/>\n\t<meta property=\"og:image:width\" content=\"714\" \/>\n\t<meta property=\"og:image:height\" content=\"433\" \/>\n\t<meta property=\"og:image:type\" content=\"image\/png\" \/>\n<meta name=\"twitter:card\" content=\"summary_large_image\" \/>\n<meta name=\"twitter:label1\" content=\"Estimated reading time\" \/>\n\t<meta name=\"twitter:data1\" content=\"1 minute\" \/>\n<script type=\"application\/ld+json\" class=\"yoast-schema-graph\">{\"@context\":\"https:\/\/schema.org\",\"@graph\":[{\"@type\":\"WebPage\",\"@id\":\"https:\/\/splash360.fr\/contactez-nous\/\",\"url\":\"https:\/\/splash360.fr\/contactez-nous\/\",\"name\":\"Contactez-nous - Splash360\",\"isPartOf\":{\"@id\":\"https:\/\/splash360.fr\/#website\"},\"datePublished\":\"2020-04-24T08:16:17+00:00\",\"dateModified\":\"2025-06-11T13:48:29+00:00\",\"description\":\"Splash vous accompagne. Optimisons ensemble votre restaurant. Demandez une d\u00e9mo pour une gestion compl\u00e8te de votre enseigne.\",\"breadcrumb\":{\"@id\":\"https:\/\/splash360.fr\/contactez-nous\/#breadcrumb\"},\"inLanguage\":\"en-GB\",\"potentialAction\":[{\"@type\":\"ReadAction\",\"target\":[\"https:\/\/splash360.fr\/contactez-nous\/\"]}]},{\"@type\":\"BreadcrumbList\",\"@id\":\"https:\/\/splash360.fr\/contactez-nous\/#breadcrumb\",\"itemListElement\":[{\"@type\":\"ListItem\",\"position\":1,\"name\":\"Home\",\"item\":\"https:\/\/splash360.fr\/\"},{\"@type\":\"ListItem\",\"position\":2,\"name\":\"Contactez-nous\"}]},{\"@type\":\"WebSite\",\"@id\":\"https:\/\/splash360.fr\/#website\",\"url\":\"https:\/\/splash360.fr\/\",\"name\":\"Splash360\",\"description\":\"Une suite logicielle 360\",\"potentialAction\":[{\"@type\":\"SearchAction\",\"target\":{\"@type\":\"EntryPoint\",\"urlTemplate\":\"https:\/\/splash360.fr\/?s={search_term_string}\"},\"query-input\":\"required name=search_term_string\"}],\"inLanguage\":\"en-GB\"}]}<\/script>\n<!-- \/ Yoast SEO plugin. -->","yoast_head_json":{"title":"Contactez-nous - Splash360","description":"Splash vous accompagne. Optimisons ensemble votre restaurant. Demandez une d\u00e9mo pour une gestion compl\u00e8te de votre enseigne.","robots":{"index":"index","follow":"follow","max-snippet":"max-snippet:-1","max-image-preview":"max-image-preview:large","max-video-preview":"max-video-preview:-1"},"canonical":"https:\/\/splash360.fr\/en\/contactez-nous\/","og_locale":"en_GB","og_type":"article","og_title":"Contactez-nous - Splash360","og_description":"Splash vous accompagne. Optimisons ensemble votre restaurant. Demandez une d\u00e9mo pour une gestion compl\u00e8te de votre enseigne.","og_url":"https:\/\/splash360.fr\/en\/contactez-nous\/","og_site_name":"Splash360","article_publisher":"https:\/\/www.facebook.com\/pages\/category\/Business-Service\/Splash-360-125985945910012\/","article_modified_time":"2025-06-11T13:48:29+00:00","og_image":[{"width":714,"height":433,"url":"https:\/\/splash360.fr\/wp-content\/uploads\/2020\/04\/promesse.png","type":"image\/png"}],"twitter_card":"summary_large_image","twitter_misc":{"Estimated reading time":"1 minute"},"schema":{"@context":"https:\/\/schema.org","@graph":[{"@type":"WebPage","@id":"https:\/\/splash360.fr\/contactez-nous\/","url":"https:\/\/splash360.fr\/contactez-nous\/","name":"Contactez-nous - Splash360","isPartOf":{"@id":"https:\/\/splash360.fr\/#website"},"datePublished":"2020-04-24T08:16:17+00:00","dateModified":"2025-06-11T13:48:29+00:00","description":"Splash vous accompagne. Optimisons ensemble votre restaurant. Demandez une d\u00e9mo pour une gestion compl\u00e8te de votre enseigne.","breadcrumb":{"@id":"https:\/\/splash360.fr\/contactez-nous\/#breadcrumb"},"inLanguage":"en-GB","potentialAction":[{"@type":"ReadAction","target":["https:\/\/splash360.fr\/contactez-nous\/"]}]},{"@type":"BreadcrumbList","@id":"https:\/\/splash360.fr\/contactez-nous\/#breadcrumb","itemListElement":[{"@type":"ListItem","position":1,"name":"Home","item":"https:\/\/splash360.fr\/"},{"@type":"ListItem","position":2,"name":"Contactez-nous"}]},{"@type":"WebSite","@id":"https:\/\/splash360.fr\/#website","url":"https:\/\/splash360.fr\/","name":"Splash360","description":"Une suite logicielle 360","potentialAction":[{"@type":"SearchAction","target":{"@type":"EntryPoint","urlTemplate":"https:\/\/splash360.fr\/?s={search_term_string}"},"query-input":"required name=search_term_string"}],"inLanguage":"en-GB"}]}},"_links":{"self":[{"href":"https:\/\/splash360.fr\/en\/wp-json\/wp\/v2\/pages\/415"}],"collection":[{"href":"https:\/\/splash360.fr\/en\/wp-json\/wp\/v2\/pages"}],"about":[{"href":"https:\/\/splash360.fr\/en\/wp-json\/wp\/v2\/types\/page"}],"author":[{"embeddable":true,"href":"https:\/\/splash360.fr\/en\/wp-json\/wp\/v2\/users\/1"}],"replies":[{"embeddable":true,"href":"https:\/\/splash360.fr\/en\/wp-json\/wp\/v2\/comments?post=415"}],"version-history":[{"count":55,"href":"https:\/\/splash360.fr\/en\/wp-json\/wp\/v2\/pages\/415\/revisions"}],"predecessor-version":[{"id":120152,"href":"https:\/\/splash360.fr\/en\/wp-json\/wp\/v2\/pages\/415\/revisions\/120152"}],"wp:featuredmedia":[{"embeddable":true,"href":"https:\/\/splash360.fr\/en\/wp-json\/wp\/v2\/media\/303"}],"wp:attachment":[{"href":"https:\/\/splash360.fr\/en\/wp-json\/wp\/v2\/media?parent=415"}],"curies":[{"name":"wp","href":"https:\/\/api.w.org\/{rel}","templated":true}]}}